{"id":22,"date":"2025-04-18T20:51:40","date_gmt":"2025-04-18T20:51:40","guid":{"rendered":"https:\/\/transportesturisticosallende.com\/blog\/?page_id=22"},"modified":"2025-04-23T19:38:48","modified_gmt":"2025-04-23T19:38:48","slug":"inicio","status":"publish","type":"page","link":"https:\/\/transportesturisticosallende.com\/blog\/","title":{"rendered":"Inicio"},"content":{"rendered":"\t\t<div data-elementor-type=\"wp-page\" data-elementor-id=\"22\" class=\"elementor elementor-22\" data-elementor-post-type=\"page\">\n\t\t\t\t<div class=\"elementor-element elementor-element-f83454b e-con-full e-flex e-con e-parent\" data-id=\"f83454b\" data-element_type=\"container\" data-settings=\"{&quot;background_background&quot;:&quot;classic&quot;}\">\n\t\t\t\t<div class=\"elementor-element elementor-element-1538266 elementor-widget elementor-widget-heading\" data-id=\"1538266\" data-element_type=\"widget\" data-widget_type=\"heading.default\">\n\t\t\t\t<div class=\"elementor-widget-container\">\n\t\t\t\t\t<h2 class=\"elementor-heading-title elementor-size-default\">Bienvenido a nuestro sitio<\/h2>\t\t\t\t<\/div>\n\t\t\t\t<\/div>\n\t\t\t\t<\/div>\n\t\t<div class=\"elementor-element elementor-element-ce68043 e-flex e-con-boxed e-con e-parent\" data-id=\"ce68043\" data-element_type=\"container\">\n\t\t\t\t\t<div class=\"e-con-inner\">\n\t\t<div class=\"elementor-element elementor-element-4cbe20f e-con-full e-flex e-con e-child\" data-id=\"4cbe20f\" data-element_type=\"container\">\n\t\t\t\t<div class=\"elementor-element elementor-element-9d1b60d elementor-grid-2 elementor-grid-tablet-2 elementor-grid-mobile-1 elementor-posts--thumbnail-top elementor-card-shadow-yes elementor-posts__hover-gradient elementor-widget elementor-widget-posts\" data-id=\"9d1b60d\" data-element_type=\"widget\" data-settings=\"{&quot;cards_columns&quot;:&quot;2&quot;,&quot;cards_masonry&quot;:&quot;yes&quot;,&quot;cards_columns_tablet&quot;:&quot;2&quot;,&quot;cards_columns_mobile&quot;:&quot;1&quot;,&quot;cards_row_gap&quot;:{&quot;unit&quot;:&quot;px&quot;,&quot;size&quot;:35,&quot;sizes&quot;:[]},&quot;cards_row_gap_tablet&quot;:{&quot;unit&quot;:&quot;px&quot;,&quot;size&quot;:&quot;&quot;,&quot;sizes&quot;:[]},&quot;cards_row_gap_mobile&quot;:{&quot;unit&quot;:&quot;px&quot;,&quot;size&quot;:&quot;&quot;,&quot;sizes&quot;:[]}}\" data-widget_type=\"posts.cards\">\n\t\t\t\t<div class=\"elementor-widget-container\">\n\t\t\t\t\t\t\t<div class=\"elementor-posts-container elementor-posts elementor-posts--skin-cards elementor-grid\">\n\t\t\t\t<article class=\"elementor-post elementor-grid-item post-151 post type-post status-publish format-standard hentry category-transporte-privado category-transporte-seguro\">\n\t\t\t<div class=\"elementor-post__card\">\n\t\t\t\t<div class=\"elementor-post__text\">\n\t\t\t\t<h3 class=\"elementor-post__title\">\n\t\t\t<a href=\"https:\/\/transportesturisticosallende.com\/blog\/mejores-servicios-de-transporte-privado-en-guanajuato\/\" >\n\t\t\t\tMejores servicios de transporte privado en Guanajuato\t\t\t<\/a>\n\t\t<\/h3>\n\t\t\t\t<div class=\"elementor-post__excerpt\">\n\t\t\t<p>Mejores opciones de transporte privado en Guanajuato El estado de Guanajuato cuenta con una creciente oferta de servicios de transporte privado, ideales para quienes buscan seguridad, confort y puntualidad en sus traslados. Aqu\u00ed te presentamos las mejores empresas para moverte dentro del estado. Ya sea que viajes por placer, negocios o eventos especiales, contar con un servicio profesional de transporte privado hace la diferencia. Olv\u00eddate de esperar taxis o lidiar con tarifas sorpresivas. Te presentamos una lista de las empresas m\u00e1s confiables que ofrecen comodidad, seguridad y atenci\u00f3n personalizada en el estado. Top de servicios recomendados 1. Transportes SMA TTA 2. Guanajuato Luxury Transportation Servicios exclusivos para turistas internacionales con atenci\u00f3n en ingl\u00e9s y flota de lujo. 3. Elite Transfers GTO Especializados en transporte para bodas, eventos privados y traslados de celebridades. 4. Privado Shuttle SMA Transporte y tours personalizados con gu\u00edas certificados. 5. TourXclusive Guanajuato Enfoque en experiencias tur\u00edsticas<\/p>\n\t\t<\/div>\n\t\t\n\t\t<a class=\"elementor-post__read-more\" href=\"https:\/\/transportesturisticosallende.com\/blog\/mejores-servicios-de-transporte-privado-en-guanajuato\/\" aria-label=\"Read more about Mejores servicios de transporte privado en Guanajuato\" tabindex=\"-1\" >\n\t\t\tLeer m\u00e1s \u00bb\t\t<\/a>\n\n\t\t\t\t<\/div>\n\t\t\t\t<div class=\"elementor-post__meta-data\">\n\t\t\t\t\t<span class=\"elementor-post-date\">\n\t\t\tjunio 7, 2025\t\t<\/span>\n\t\t\t\t<\/div>\n\t\t\t\t\t<\/div>\n\t\t<\/article>\n\t\t\t\t<article class=\"elementor-post elementor-grid-item post-149 post type-post status-publish format-standard hentry category-gastronomia category-tip-viajero category-turismo\">\n\t\t\t<div class=\"elementor-post__card\">\n\t\t\t\t<div class=\"elementor-post__text\">\n\t\t\t\t<h3 class=\"elementor-post__title\">\n\t\t\t<a href=\"https:\/\/transportesturisticosallende.com\/blog\/top-10-lugares-recreativos-restaurantes-bares-y-antros-en-san-miguel-de-allende\/\" >\n\t\t\t\tTop 10 lugares recreativos, restaurantes, bares y antros en San Miguel de Allende\t\t\t<\/a>\n\t\t<\/h3>\n\t\t\t\t<div class=\"elementor-post__excerpt\">\n\t\t\t<p>Top 10 de lugares para comer, divertirte y salir en San Miguel de Allende San Miguel de Allende es uno de los destinos tur\u00edsticos m\u00e1s vibrantes de M\u00e9xico. Si buscas una experiencia gastron\u00f3mica y de vida nocturna memorable, esta lista te ayudar\u00e1 a encontrar los mejores restaurantes, bares y antros en San Miguel. Cada uno de estos sitios ofrece una atm\u00f3sfera \u00fanica. Desde terrazas con vista panor\u00e1mica, hasta bares con m\u00fasica en vivo y antros con DJs internacionales, la ciudad tiene opciones para todos los gustos y edades. Tabla de lugares recomendados: Lugar Tipo de lugar Quince Rooftop Restaurante \/ Bar La Azotea Bar \/ Tapas Lunas Rooftop Tapas Bar Bar \/ Terraza El Grito Nightclub Antro Rosewood Luna Rooftop Restaurante \/ Lounge Caf\u00e9 Rama Restaurante \/ Galer\u00eda Zandunga Rooftop Bar \/ Restaurante Mama M\u00eda Restaurante \/ Bar \/ Antro T\u00f3tem Rooftop Bar \/ Restaurante El Manantial Bar tradicional Tips<\/p>\n\t\t<\/div>\n\t\t\n\t\t<a class=\"elementor-post__read-more\" href=\"https:\/\/transportesturisticosallende.com\/blog\/top-10-lugares-recreativos-restaurantes-bares-y-antros-en-san-miguel-de-allende\/\" aria-label=\"Read more about Top 10 lugares recreativos, restaurantes, bares y antros en San Miguel de Allende\" tabindex=\"-1\" >\n\t\t\tLeer m\u00e1s \u00bb\t\t<\/a>\n\n\t\t\t\t<\/div>\n\t\t\t\t<div class=\"elementor-post__meta-data\">\n\t\t\t\t\t<span class=\"elementor-post-date\">\n\t\t\tmayo 26, 2025\t\t<\/span>\n\t\t\t\t<\/div>\n\t\t\t\t\t<\/div>\n\t\t<\/article>\n\t\t\t\t<article class=\"elementor-post elementor-grid-item post-147 post type-post status-publish format-standard hentry category-tip-viajero category-transporte-privado category-transporte-seguro\">\n\t\t\t<div class=\"elementor-post__card\">\n\t\t\t\t<div class=\"elementor-post__text\">\n\t\t\t\t<h3 class=\"elementor-post__title\">\n\t\t\t<a href=\"https:\/\/transportesturisticosallende.com\/blog\/viajar-en-servicio-privado-comodo-y-seguro\/\" >\n\t\t\t\tViajar en servicio privado: c\u00f3modo y seguro\t\t\t<\/a>\n\t\t<\/h3>\n\t\t\t\t<div class=\"elementor-post__excerpt\">\n\t\t\t<p>Viajar en transporte privado: la nueva forma segura y c\u00f3moda de moverse En un mundo donde la seguridad, el confort y la eficiencia son prioridad, cada vez m\u00e1s personas optan por el transporte privado en San Miguel de Allende y Guanajuato. Este tipo de movilidad se ha convertido en una tendencia entre turistas y locales por sus m\u00faltiples ventajas. Quienes lo han probado dif\u00edcilmente vuelven al transporte p\u00fablico o taxis tradicionales. La posibilidad de personalizar tu experiencia de viaje, disfrutar del trayecto y llegar con puntualidad a cualquier destino, hacen que el transporte privado gane terreno. Beneficios del transporte privado Ya sea para viajes de negocio, parejas, familias o grupos, el transporte privado garantiza una experiencia m\u00e1s eficiente y sin estr\u00e9s. Opini\u00f3n: \u201cReserv\u00e9 un transporte privado con SMA TTA y fue una de las mejores decisiones del viaje. Me sent\u00ed segura, c\u00f3moda y llegu\u00e9 siempre a tiempo.\u201d \u2014 Mariana D\u00edaz,<\/p>\n\t\t<\/div>\n\t\t\n\t\t<a class=\"elementor-post__read-more\" href=\"https:\/\/transportesturisticosallende.com\/blog\/viajar-en-servicio-privado-comodo-y-seguro\/\" aria-label=\"Read more about Viajar en servicio privado: c\u00f3modo y seguro\" tabindex=\"-1\" >\n\t\t\tLeer m\u00e1s \u00bb\t\t<\/a>\n\n\t\t\t\t<\/div>\n\t\t\t\t<div class=\"elementor-post__meta-data\">\n\t\t\t\t\t<span class=\"elementor-post-date\">\n\t\t\tmayo 17, 2025\t\t<\/span>\n\t\t\t\t<\/div>\n\t\t\t\t\t<\/div>\n\t\t<\/article>\n\t\t\t\t<article class=\"elementor-post elementor-grid-item post-145 post type-post status-publish format-standard hentry category-blog\">\n\t\t\t<div class=\"elementor-post__card\">\n\t\t\t\t<div class=\"elementor-post__text\">\n\t\t\t\t<h3 class=\"elementor-post__title\">\n\t\t\t<a href=\"https:\/\/transportesturisticosallende.com\/blog\/fiestas-tradicionales-de-san-miguel-de-allende-gto\/\" >\n\t\t\t\tFiestas tradicionales de San Miguel de Allende, Gto.\t\t\t<\/a>\n\t\t<\/h3>\n\t\t\t\t<div class=\"elementor-post__excerpt\">\n\t\t\t<p>Fiestas tradicionales de San Miguel de Allende, Gto. San Miguel de Allende, adem\u00e1s de su arquitectura y cultura, ofrece una vibrante agenda de fiestas tradicionales que cautivan a locales y visitantes. Aqu\u00ed te presentamos las m\u00e1s representativas. Fiesta de San Miguel Arc\u00e1ngel (septiembre) San Miguel de Allende, una joya colonial de Guanajuato, no solo destaca por su arquitectura y cultura, sino tambi\u00e9n por sus vibrantes fiestas tradicionales que conectan a la comunidad con sus ra\u00edces y atraen a miles de turistas cada a\u00f1o. Estas celebraciones son una muestra viva del sincretismo religioso, la creatividad y la pasi\u00f3n de su gente.Adem\u00e1s de su belleza visual, las festividades son una experiencia emocional y multisensorial. El sonido de las campanas, el aroma del incienso, los trajes coloridos y el entusiasmo de la gente convierten a San Miguel en un escenario \u00fanico. Muchos visitantes regresan a\u00f1o tras a\u00f1o, fascinados por la autenticidad de estas<\/p>\n\t\t<\/div>\n\t\t\n\t\t<a class=\"elementor-post__read-more\" href=\"https:\/\/transportesturisticosallende.com\/blog\/fiestas-tradicionales-de-san-miguel-de-allende-gto\/\" aria-label=\"Read more about Fiestas tradicionales de San Miguel de Allende, Gto.\" tabindex=\"-1\" >\n\t\t\tLeer m\u00e1s \u00bb\t\t<\/a>\n\n\t\t\t\t<\/div>\n\t\t\t\t<div class=\"elementor-post__meta-data\">\n\t\t\t\t\t<span class=\"elementor-post-date\">\n\t\t\tmayo 13, 2025\t\t<\/span>\n\t\t\t\t<\/div>\n\t\t\t\t\t<\/div>\n\t\t<\/article>\n\t\t\t\t<article class=\"elementor-post elementor-grid-item post-142 post type-post status-publish format-standard hentry category-blog\">\n\t\t\t<div class=\"elementor-post__card\">\n\t\t\t\t<div class=\"elementor-post__text\">\n\t\t\t\t<h3 class=\"elementor-post__title\">\n\t\t\t<a href=\"https:\/\/transportesturisticosallende.com\/blog\/que-hacer-en-san-miguel-de-allende\/\" >\n\t\t\t\t\u00bfQu\u00e9 hacer en San Miguel de Allende?\t\t\t<\/a>\n\t\t<\/h3>\n\t\t\t\t<div class=\"elementor-post__excerpt\">\n\t\t\t<p>En este apartado te presentamos una gu\u00eda de las actividades que te recomendamos y que no puedes dejar pasar durante tu pr\u00f3xima visita a la hermosa ciudad declarada patrimonio de la humanidad por la UNESCO en el 2008 &#8220;San Miguel de Allende riqueza hist\u00f3rica y cultural&#8221;. Puedes realizar actividades como visitar los lugares m\u00e1s emblem\u00e1ticos de la ciudad, comprar artesan\u00edas, dulces t\u00edpicos tradicionales, disfrutar de la tranquilidad de las noches bohemias con m\u00fasica del blues y el jazz, maravillarse de su arquitectura, salir a comer a un buen restaurante o simplemente a los taquitos de la esquina. Aqu\u00ed te presentamos algunas ideas y cosas que pudieras disfrutar hacer: 1. Visitar la parroquia de San Miguel Arcangel La parroquia de San Miguel Arc\u00e1ngel que adem\u00e1s de su majestuosa arquitectura es un s\u00edmbolo ic\u00f3nico de la ciudad, construida y erigida en su totalidad a finales del siglo XVII. No pierdas ning\u00fan detalle<\/p>\n\t\t<\/div>\n\t\t\n\t\t<a class=\"elementor-post__read-more\" href=\"https:\/\/transportesturisticosallende.com\/blog\/que-hacer-en-san-miguel-de-allende\/\" aria-label=\"Read more about \u00bfQu\u00e9 hacer en San Miguel de Allende?\" tabindex=\"-1\" >\n\t\t\tLeer m\u00e1s \u00bb\t\t<\/a>\n\n\t\t\t\t<\/div>\n\t\t\t\t<div class=\"elementor-post__meta-data\">\n\t\t\t\t\t<span class=\"elementor-post-date\">\n\t\t\tmayo 10, 2025\t\t<\/span>\n\t\t\t\t<\/div>\n\t\t\t\t\t<\/div>\n\t\t<\/article>\n\t\t\t\t<article class=\"elementor-post elementor-grid-item post-135 post type-post status-publish format-standard hentry category-transporte-privado category-transporte-seguro\">\n\t\t\t<div class=\"elementor-post__card\">\n\t\t\t\t<div class=\"elementor-post__text\">\n\t\t\t\t<h3 class=\"elementor-post__title\">\n\t\t\t<a href=\"https:\/\/transportesturisticosallende.com\/blog\/traslado-y-transporte-desde-y-hacia-el-aeropuerto-de-queretaro-una-guia-completa\/\" >\n\t\t\t\tTraslado y Transporte desde y hacia el Aeropuerto de Quer\u00e9taro: Una Gu\u00eda Completa\t\t\t<\/a>\n\t\t<\/h3>\n\t\t\t\t<div class=\"elementor-post__excerpt\">\n\t\t\t<p>El Aeropuerto Intercontinental de Quer\u00e9taro (QRO) es un importante centro de conexi\u00f3n para viajeros que se dirigen a diferentes destinos en M\u00e9xico y el mundo. Sin embargo, uno de los aspectos m\u00e1s importantes a considerar al planificar un viaje es el traslado y transporte desde y hacia el aeropuerto. En este art\u00edculo, exploraremos las opciones de transporte disponibles y por qu\u00e9 viajar desde el Aeropuerto de Quer\u00e9taro es una excelente opci\u00f3n. \u00bfPor qu\u00e9 viajar desde el Aeropuerto de Quer\u00e9taro? El Aeropuerto de Quer\u00e9taro ofrece una serie de beneficios que lo convierten en una excelente opci\u00f3n para viajeros. Algunos de los motivos por los que debes considerar viajar desde QRO incluyen: Opciones de transporte desde el Aeropuerto de Quer\u00e9taro Existen varias opciones de transporte disponibles para viajar desde el Aeropuerto de Quer\u00e9taro, incluyendo: Opciones de transporte hacia el Aeropuerto de Quer\u00e9taro Para viajar hacia el Aeropuerto de Quer\u00e9taro, puedes utilizar las<\/p>\n\t\t<\/div>\n\t\t\n\t\t<a class=\"elementor-post__read-more\" href=\"https:\/\/transportesturisticosallende.com\/blog\/traslado-y-transporte-desde-y-hacia-el-aeropuerto-de-queretaro-una-guia-completa\/\" aria-label=\"Read more about Traslado y Transporte desde y hacia el Aeropuerto de Quer\u00e9taro: Una Gu\u00eda Completa\" tabindex=\"-1\" >\n\t\t\tLeer m\u00e1s \u00bb\t\t<\/a>\n\n\t\t\t\t<\/div>\n\t\t\t\t<div class=\"elementor-post__meta-data\">\n\t\t\t\t\t<span class=\"elementor-post-date\">\n\t\t\tmayo 8, 2025\t\t<\/span>\n\t\t\t\t<\/div>\n\t\t\t\t\t<\/div>\n\t\t<\/article>\n\t\t\t\t<\/div>\n\t\t\n\t\t\t\t\t\t<\/div>\n\t\t\t\t<\/div>\n\t\t\t\t<\/div>\n\t\t<div class=\"elementor-element elementor-element-2f22f35 e-con-full e-flex e-con e-child\" data-id=\"2f22f35\" data-element_type=\"container\">\n\t\t\t\t<\/div>\n\t\t\t\t\t<\/div>\n\t\t\t\t<\/div>\n\t\t\t\t<\/div>\n\t\t","protected":false},"excerpt":{"rendered":"<p>Bienvenido a nuestro sitio<\/p>\n","protected":false},"author":1,"featured_media":0,"parent":0,"menu_order":0,"comment_status":"closed","ping_status":"closed","template":"","meta":{"footnotes":""},"class_list":["post-22","page","type-page","status-publish","hentry"],"_links":{"self":[{"href":"https:\/\/transportesturisticosallende.com\/blog\/wp-json\/wp\/v2\/pages\/22","targetHints":{"allow":["GET"]}}],"collection":[{"href":"https:\/\/transportesturisticosallende.com\/blog\/wp-json\/wp\/v2\/pages"}],"about":[{"href":"https:\/\/transportesturisticosallende.com\/blog\/wp-json\/wp\/v2\/types\/page"}],"author":[{"embeddable":true,"href":"https:\/\/transportesturisticosallende.com\/blog\/wp-json\/wp\/v2\/users\/1"}],"replies":[{"embeddable":true,"href":"https:\/\/transportesturisticosallende.com\/blog\/wp-json\/wp\/v2\/comments?post=22"}],"version-history":[{"count":11,"href":"https:\/\/transportesturisticosallende.com\/blog\/wp-json\/wp\/v2\/pages\/22\/revisions"}],"predecessor-version":[{"id":37,"href":"https:\/\/transportesturisticosallende.com\/blog\/wp-json\/wp\/v2\/pages\/22\/revisions\/37"}],"wp:attachment":[{"href":"https:\/\/transportesturisticosallende.com\/blog\/wp-json\/wp\/v2\/media?parent=22"}],"curies":[{"name":"wp","href":"https:\/\/api.w.org\/{rel}","templated":true}]}}